{"id":12643,"date":"2024-04-29T18:17:56","date_gmt":"2024-04-29T16:17:56","guid":{"rendered":"https:\/\/www.parquenatural.com\/?page_id=12643"},"modified":"2024-04-29T18:26:39","modified_gmt":"2024-04-29T16:26:39","slug":"blog","status":"publish","type":"page","link":"https:\/\/www.parquenatural.com\/en\/blog\/","title":{"rendered":"Blog"},"content":{"rendered":"<div data-elementor-type=\"wp-page\" data-elementor-id=\"12643\" class=\"elementor elementor-12643\" data-elementor-post-type=\"page\">\n\t\t\t\t<div class=\"elementor-element elementor-element-b9ae111 e-flex e-con-boxed e-con e-parent\" data-id=\"b9ae111\" data-element_type=\"container\" data-e-type=\"container\">\n\t\t\t\t\t<div class=\"e-con-inner\">\n\t\t\t\t<div class=\"elementor-element elementor-element-067d7e0 elementor-grid-3 elementor-grid-tablet-2 elementor-grid-mobile-1 elementor-posts--thumbnail-top elementor-widget elementor-widget-posts\" data-id=\"067d7e0\" data-element_type=\"widget\" data-e-type=\"widget\" data-settings=\"{&quot;pagination_type&quot;:&quot;numbers_and_prev_next&quot;,&quot;classic_columns&quot;:&quot;3&quot;,&quot;classic_columns_tablet&quot;:&quot;2&quot;,&quot;classic_columns_mobile&quot;:&quot;1&quot;,&quot;classic_row_gap&quot;:{&quot;unit&quot;:&quot;px&quot;,&quot;size&quot;:35,&quot;sizes&quot;:[]},&quot;classic_row_gap_tablet&quot;:{&quot;unit&quot;:&quot;px&quot;,&quot;size&quot;:&quot;&quot;,&quot;sizes&quot;:[]},&quot;classic_row_gap_mobile&quot;:{&quot;unit&quot;:&quot;px&quot;,&quot;size&quot;:&quot;&quot;,&quot;sizes&quot;:[]}}\" data-widget_type=\"posts.classic\">\n\t\t\t\t<div class=\"elementor-widget-container\">\n\t\t\t\t\t\t\t<div class=\"elementor-posts-container elementor-posts elementor-posts--skin-classic elementor-grid\">\n\t\t\t\t<article class=\"elementor-post elementor-grid-item post-12661 post type-post status-publish format-standard has-post-thumbnail hentry category-noticias\">\n\t\t\t\t<a class=\"elementor-post__thumbnail__link\" href=\"https:\/\/www.parquenatural.com\/en\/servicio-autobus-san-jose-playas\/\" tabindex=\"-1\" >\n\t\t\t<div class=\"elementor-post__thumbnail\"><img fetchpriority=\"high\" decoding=\"async\" width=\"640\" height=\"457\" src=\"https:\/\/www.parquenatural.com\/wp-content\/uploads\/2024\/06\/bus-playas-genovese-monul-medialuna-carbon.webp\" class=\"attachment-medium_large size-medium_large wp-image-12664\" alt=\"bus playas genovese monul medialuna carbon\" srcset=\"https:\/\/www.parquenatural.com\/wp-content\/uploads\/2024\/06\/bus-playas-genovese-monul-medialuna-carbon.webp 769w, https:\/\/www.parquenatural.com\/wp-content\/uploads\/2024\/06\/bus-playas-genovese-monul-medialuna-carbon-300x214.webp 300w, https:\/\/www.parquenatural.com\/wp-content\/uploads\/2024\/06\/bus-playas-genovese-monul-medialuna-carbon-18x12.webp 18w\" sizes=\"(max-width: 640px) 100vw, 640px\" \/><\/div>\n\t\t<\/a>\n\t\t\t\t<div class=\"elementor-post__text\">\n\t\t\t\t<h3 class=\"elementor-post__title\">\n\t\t\t<a href=\"https:\/\/www.parquenatural.com\/en\/servicio-autobus-san-jose-playas\/\" >\n\t\t\t\tServicio AUTOBUS San Jose-Playas\t\t\t<\/a>\n\t\t<\/h3>\n\t\t\t\t<div class=\"elementor-post__meta-data\">\n\t\t\t\t\t<span class=\"elementor-post-date\">\n\t\t\t18 June, 2024\t\t<\/span>\n\t\t\t\t<span class=\"elementor-post-avatar\">\n\t\t\tNo Comments\t\t<\/span>\n\t\t\t\t<\/div>\n\t\t\t\t<div class=\"elementor-post__excerpt\">\n\t\t\t<p>Servicio de autob\u00fas a la playa de los Genoveses, playa de Monsul, playa Medialuna y cala<\/p>\n\t\t<\/div>\n\t\t\t\t\t<div class=\"elementor-post__read-more-wrapper\">\n\t\t\n\t\t<a class=\"elementor-post__read-more\" href=\"https:\/\/www.parquenatural.com\/en\/servicio-autobus-san-jose-playas\/\" aria-label=\"Read more about Servicio AUTOBUS San Jose-Playas\" tabindex=\"-1\" >\n\t\t\tLeer m\u00e1s \u00bb\t\t<\/a>\n\n\t\t\t\t\t<\/div>\n\t\t\t\t<\/div>\n\t\t\t\t<\/article>\n\t\t\t\t<article class=\"elementor-post elementor-grid-item post-12654 post type-post status-publish format-standard has-post-thumbnail hentry category-noticias\">\n\t\t\t\t<a class=\"elementor-post__thumbnail__link\" href=\"https:\/\/www.parquenatural.com\/en\/horario-barrera-de-las-playas-de-genoveses-monsul-media-luna\/\" tabindex=\"-1\" >\n\t\t\t<div class=\"elementor-post__thumbnail\"><img decoding=\"async\" width=\"640\" height=\"342\" src=\"https:\/\/www.parquenatural.com\/wp-content\/uploads\/2024\/06\/Horario-barrera-verano-playas-los-genoveses-monsul-media-luna-768x410.webp\" class=\"attachment-medium_large size-medium_large wp-image-12657\" alt=\"Horario barrera verano playas los genoveses monsul media luna\" srcset=\"https:\/\/www.parquenatural.com\/wp-content\/uploads\/2024\/06\/Horario-barrera-verano-playas-los-genoveses-monsul-media-luna-768x410.webp 768w, https:\/\/www.parquenatural.com\/wp-content\/uploads\/2024\/06\/Horario-barrera-verano-playas-los-genoveses-monsul-media-luna-300x160.webp 300w, https:\/\/www.parquenatural.com\/wp-content\/uploads\/2024\/06\/Horario-barrera-verano-playas-los-genoveses-monsul-media-luna-18x10.webp 18w, https:\/\/www.parquenatural.com\/wp-content\/uploads\/2024\/06\/Horario-barrera-verano-playas-los-genoveses-monsul-media-luna.webp 1024w\" sizes=\"(max-width: 640px) 100vw, 640px\" \/><\/div>\n\t\t<\/a>\n\t\t\t\t<div class=\"elementor-post__text\">\n\t\t\t\t<h3 class=\"elementor-post__title\">\n\t\t\t<a href=\"https:\/\/www.parquenatural.com\/en\/horario-barrera-de-las-playas-de-genoveses-monsul-media-luna\/\" >\n\t\t\t\tHorario Barrera  de las Playas de Genoveses, Monsul, Media Luna.\t\t\t<\/a>\n\t\t<\/h3>\n\t\t\t\t<div class=\"elementor-post__meta-data\">\n\t\t\t\t\t<span class=\"elementor-post-date\">\n\t\t\t12 June, 2024\t\t<\/span>\n\t\t\t\t<span class=\"elementor-post-avatar\">\n\t\t\tNo Comments\t\t<\/span>\n\t\t\t\t<\/div>\n\t\t\t\t<div class=\"elementor-post__excerpt\">\n\t\t\t<p>&nbsp;<\/p>\n\t\t<\/div>\n\t\t\t\t\t<div class=\"elementor-post__read-more-wrapper\">\n\t\t\n\t\t<a class=\"elementor-post__read-more\" href=\"https:\/\/www.parquenatural.com\/en\/horario-barrera-de-las-playas-de-genoveses-monsul-media-luna\/\" aria-label=\"Read more about Horario Barrera  de las Playas de Genoveses, Monsul, Media Luna.\" tabindex=\"-1\" >\n\t\t\tLeer m\u00e1s \u00bb\t\t<\/a>\n\n\t\t\t\t\t<\/div>\n\t\t\t\t<\/div>\n\t\t\t\t<\/article>\n\t\t\t\t<article class=\"elementor-post elementor-grid-item post-12607 post type-post status-publish format-standard has-post-thumbnail hentry category-noticias tag-actividades tag-cabo-de-gata tag-geoparque tag-kayak tag-nijar tag-parque-natural tag-reserva-marina tag-rutas tag-san-jose tag-turismo-activo tag-vacaciones\">\n\t\t\t\t<a class=\"elementor-post__thumbnail__link\" href=\"https:\/\/www.parquenatural.com\/en\/gente-del-parque-pablo-y-happy-kayak\/\" tabindex=\"-1\" >\n\t\t\t<div class=\"elementor-post__thumbnail\"><img decoding=\"async\" width=\"640\" height=\"262\" src=\"https:\/\/www.parquenatural.com\/wp-content\/uploads\/2024\/03\/pablo-happy-kayak-cabo-de-gata-almeria-768x314.webp\" class=\"attachment-medium_large size-medium_large wp-image-12619\" alt=\"pablo happy kayak cabo de gata almeria\" srcset=\"https:\/\/www.parquenatural.com\/wp-content\/uploads\/2024\/03\/pablo-happy-kayak-cabo-de-gata-almeria-768x314.webp 768w, https:\/\/www.parquenatural.com\/wp-content\/uploads\/2024\/03\/pablo-happy-kayak-cabo-de-gata-almeria-300x122.webp 300w, https:\/\/www.parquenatural.com\/wp-content\/uploads\/2024\/03\/pablo-happy-kayak-cabo-de-gata-almeria-18x7.webp 18w, https:\/\/www.parquenatural.com\/wp-content\/uploads\/2024\/03\/pablo-happy-kayak-cabo-de-gata-almeria.webp 1024w\" sizes=\"(max-width: 640px) 100vw, 640px\" \/><\/div>\n\t\t<\/a>\n\t\t\t\t<div class=\"elementor-post__text\">\n\t\t\t\t<h3 class=\"elementor-post__title\">\n\t\t\t<a href=\"https:\/\/www.parquenatural.com\/en\/gente-del-parque-pablo-y-happy-kayak\/\" >\n\t\t\t\tGente del Parque: Pablo y Happy Kayak\t\t\t<\/a>\n\t\t<\/h3>\n\t\t\t\t<div class=\"elementor-post__meta-data\">\n\t\t\t\t\t<span class=\"elementor-post-date\">\n\t\t\t15 March, 2024\t\t<\/span>\n\t\t\t\t<span class=\"elementor-post-avatar\">\n\t\t\tNo Comments\t\t<\/span>\n\t\t\t\t<\/div>\n\t\t\t\t<div class=\"elementor-post__excerpt\">\n\t\t\t<p>Hablar de Happy Kayak es hablar de los primeros kayak que han surcado las aguas del<\/p>\n\t\t<\/div>\n\t\t\t\t\t<div class=\"elementor-post__read-more-wrapper\">\n\t\t\n\t\t<a class=\"elementor-post__read-more\" href=\"https:\/\/www.parquenatural.com\/en\/gente-del-parque-pablo-y-happy-kayak\/\" aria-label=\"Read more about Gente del Parque: Pablo y Happy Kayak\" tabindex=\"-1\" >\n\t\t\tLeer m\u00e1s \u00bb\t\t<\/a>\n\n\t\t\t\t\t<\/div>\n\t\t\t\t<\/div>\n\t\t\t\t<\/article>\n\t\t\t\t<article class=\"elementor-post elementor-grid-item post-12588 post type-post status-publish format-standard has-post-thumbnail hentry category-noticias category-limpieza-playas category-playas category-voluntariado tag-fabriquilla tag-genoveses tag-life tag-limpieza-playas tag-seabil tag-seo tag-voluntariado\">\n\t\t\t\t<a class=\"elementor-post__thumbnail__link\" href=\"https:\/\/www.parquenatural.com\/en\/limpieza-playas-20-y-21\/\" tabindex=\"-1\" >\n\t\t\t<div class=\"elementor-post__thumbnail\"><img loading=\"lazy\" decoding=\"async\" width=\"640\" height=\"288\" src=\"https:\/\/www.parquenatural.com\/wp-content\/uploads\/2024\/01\/amanecer-playa-de-los-genoveses-cabo-de-gata-almeria-1-768x346.webp\" class=\"attachment-medium_large size-medium_large wp-image-12594\" alt=\"amanecer playa de los genoveses cabo de gata almeria\" srcset=\"https:\/\/www.parquenatural.com\/wp-content\/uploads\/2024\/01\/amanecer-playa-de-los-genoveses-cabo-de-gata-almeria-1-768x346.webp 768w, https:\/\/www.parquenatural.com\/wp-content\/uploads\/2024\/01\/amanecer-playa-de-los-genoveses-cabo-de-gata-almeria-1-300x135.webp 300w, https:\/\/www.parquenatural.com\/wp-content\/uploads\/2024\/01\/amanecer-playa-de-los-genoveses-cabo-de-gata-almeria-1-18x8.webp 18w, https:\/\/www.parquenatural.com\/wp-content\/uploads\/2024\/01\/amanecer-playa-de-los-genoveses-cabo-de-gata-almeria-1.webp 1024w\" sizes=\"(max-width: 640px) 100vw, 640px\" \/><\/div>\n\t\t<\/a>\n\t\t\t\t<div class=\"elementor-post__text\">\n\t\t\t\t<h3 class=\"elementor-post__title\">\n\t\t\t<a href=\"https:\/\/www.parquenatural.com\/en\/limpieza-playas-20-y-21\/\" >\n\t\t\t\tLimpieza Playas 20 y 21 Enero 2024\t\t\t<\/a>\n\t\t<\/h3>\n\t\t\t\t<div class=\"elementor-post__meta-data\">\n\t\t\t\t\t<span class=\"elementor-post-date\">\n\t\t\t16 January, 2024\t\t<\/span>\n\t\t\t\t<span class=\"elementor-post-avatar\">\n\t\t\tNo Comments\t\t<\/span>\n\t\t\t\t<\/div>\n\t\t\t\t<div class=\"elementor-post__excerpt\">\n\t\t\t<p>Limpieza de playa y uso de app ICAO en playas &#8211; LIFE SeaBiL &#8220;Saving Seabirds from<\/p>\n\t\t<\/div>\n\t\t\t\t\t<div class=\"elementor-post__read-more-wrapper\">\n\t\t\n\t\t<a class=\"elementor-post__read-more\" href=\"https:\/\/www.parquenatural.com\/en\/limpieza-playas-20-y-21\/\" aria-label=\"Read more about Limpieza Playas 20 y 21 Enero 2024\" tabindex=\"-1\" >\n\t\t\tLeer m\u00e1s \u00bb\t\t<\/a>\n\n\t\t\t\t\t<\/div>\n\t\t\t\t<\/div>\n\t\t\t\t<\/article>\n\t\t\t\t<article class=\"elementor-post elementor-grid-item post-12564 post type-post status-publish format-standard has-post-thumbnail hentry category-noticias category-conocer tag-actividades tag-buceo tag-cabo-de-gata tag-entrevistas tag-geoparque tag-parque-natural tag-playas tag-rutas tag-sostenibilidad\">\n\t\t\t\t<a class=\"elementor-post__thumbnail__link\" href=\"https:\/\/www.parquenatural.com\/en\/veinticinco-anos-con-vosotros\/\" tabindex=\"-1\" >\n\t\t\t<div class=\"elementor-post__thumbnail\"><img loading=\"lazy\" decoding=\"async\" width=\"640\" height=\"354\" src=\"https:\/\/www.parquenatural.com\/wp-content\/uploads\/2023\/10\/monsul07-768x425.jpg\" class=\"attachment-medium_large size-medium_large wp-image-12389\" alt=\"Duna Viva de M\u00f3nsul\" srcset=\"https:\/\/www.parquenatural.com\/wp-content\/uploads\/2023\/10\/monsul07-768x425.jpg 768w, https:\/\/www.parquenatural.com\/wp-content\/uploads\/2023\/10\/monsul07-300x166.jpg 300w, https:\/\/www.parquenatural.com\/wp-content\/uploads\/2023\/10\/monsul07-18x10.jpg 18w, https:\/\/www.parquenatural.com\/wp-content\/uploads\/2023\/10\/monsul07.jpg 1000w\" sizes=\"(max-width: 640px) 100vw, 640px\" \/><\/div>\n\t\t<\/a>\n\t\t\t\t<div class=\"elementor-post__text\">\n\t\t\t\t<h3 class=\"elementor-post__title\">\n\t\t\t<a href=\"https:\/\/www.parquenatural.com\/en\/veinticinco-anos-con-vosotros\/\" >\n\t\t\t\tVeinticinco a\u00f1os con vosotros\t\t\t<\/a>\n\t\t<\/h3>\n\t\t\t\t<div class=\"elementor-post__meta-data\">\n\t\t\t\t\t<span class=\"elementor-post-date\">\n\t\t\t12 January, 2024\t\t<\/span>\n\t\t\t\t<span class=\"elementor-post-avatar\">\n\t\t\tNo Comments\t\t<\/span>\n\t\t\t\t<\/div>\n\t\t\t\t<div class=\"elementor-post__excerpt\">\n\t\t\t<p>A finales de este a\u00f1o parquenatural.com cumple 25 a\u00f1os. Ha sido nuestro af\u00e1n contribuir a promover<\/p>\n\t\t<\/div>\n\t\t\t\t\t<div class=\"elementor-post__read-more-wrapper\">\n\t\t\n\t\t<a class=\"elementor-post__read-more\" href=\"https:\/\/www.parquenatural.com\/en\/veinticinco-anos-con-vosotros\/\" aria-label=\"Read more about Veinticinco a\u00f1os con vosotros\" tabindex=\"-1\" >\n\t\t\tLeer m\u00e1s \u00bb\t\t<\/a>\n\n\t\t\t\t\t<\/div>\n\t\t\t\t<\/div>\n\t\t\t\t<\/article>\n\t\t\t\t<article class=\"elementor-post elementor-grid-item post-12439 post type-post status-publish format-standard has-post-thumbnail hentry category-noticias tag-advance tag-bautismo tag-buceo tag-cabo-de-gata tag-geoparque tag-inmersiones tag-las-negras tag-nijar tag-open-water tag-padi tag-parque-natural tag-ssi\">\n\t\t\t\t<a class=\"elementor-post__thumbnail__link\" href=\"https:\/\/www.parquenatural.com\/en\/gente-del-parque-victor-y-buceo-las-negras\/\" tabindex=\"-1\" >\n\t\t\t<div class=\"elementor-post__thumbnail\"><img loading=\"lazy\" decoding=\"async\" width=\"640\" height=\"480\" src=\"https:\/\/www.parquenatural.com\/wp-content\/uploads\/2023\/11\/LLNN-VICTOR-768x576.jpg\" class=\"attachment-medium_large size-medium_large wp-image-12442\" alt=\"V\u00edctor - Buceo Las Negras\" srcset=\"https:\/\/www.parquenatural.com\/wp-content\/uploads\/2023\/11\/LLNN-VICTOR-768x576.jpg 768w, https:\/\/www.parquenatural.com\/wp-content\/uploads\/2023\/11\/LLNN-VICTOR-300x225.jpg 300w, https:\/\/www.parquenatural.com\/wp-content\/uploads\/2023\/11\/LLNN-VICTOR-16x12.jpg 16w, https:\/\/www.parquenatural.com\/wp-content\/uploads\/2023\/11\/LLNN-VICTOR-800x600.jpg 800w, https:\/\/www.parquenatural.com\/wp-content\/uploads\/2023\/11\/LLNN-VICTOR.jpg 1024w\" sizes=\"(max-width: 640px) 100vw, 640px\" \/><\/div>\n\t\t<\/a>\n\t\t\t\t<div class=\"elementor-post__text\">\n\t\t\t\t<h3 class=\"elementor-post__title\">\n\t\t\t<a href=\"https:\/\/www.parquenatural.com\/en\/gente-del-parque-victor-y-buceo-las-negras\/\" >\n\t\t\t\tGente del Parque: V\u00edctor y Buceo Las Negras\t\t\t<\/a>\n\t\t<\/h3>\n\t\t\t\t<div class=\"elementor-post__meta-data\">\n\t\t\t\t\t<span class=\"elementor-post-date\">\n\t\t\t21 November, 2023\t\t<\/span>\n\t\t\t\t<span class=\"elementor-post-avatar\">\n\t\t\tNo Comments\t\t<\/span>\n\t\t\t\t<\/div>\n\t\t\t\t<div class=\"elementor-post__excerpt\">\n\t\t\t<p>Hablar con V\u00edctor de Las Negras es hablar de buceo, de gente enamorada de este pueblo,\u00a0<\/p>\n\t\t<\/div>\n\t\t\t\t\t<div class=\"elementor-post__read-more-wrapper\">\n\t\t\n\t\t<a class=\"elementor-post__read-more\" href=\"https:\/\/www.parquenatural.com\/en\/gente-del-parque-victor-y-buceo-las-negras\/\" aria-label=\"Read more about Gente del Parque: V\u00edctor y Buceo Las Negras\" tabindex=\"-1\" >\n\t\t\tLeer m\u00e1s \u00bb\t\t<\/a>\n\n\t\t\t\t\t<\/div>\n\t\t\t\t<\/div>\n\t\t\t\t<\/article>\n\t\t\t\t<\/div>\n\t\t\n\t\t\t\t<div class=\"e-load-more-anchor\" data-page=\"1\" data-max-page=\"128\" data-next-page=\"https:\/\/www.parquenatural.com\/en\/wp-json\/wp\/v2\/pages\/12643\/page\/2\/\"><\/div>\n\t\t\t\t<nav class=\"elementor-pagination\" aria-label=\"Pagination\">\n\t\t\t<span class=\"page-numbers prev\">&laquo; Anterior<\/span>\n<span aria-current=\"page\" class=\"page-numbers current\"><span class=\"elementor-screen-only\">Page<\/span>1<\/span>\n<a class=\"page-numbers\" href=\"https:\/\/www.parquenatural.com\/en\/wp-json\/wp\/v2\/pages\/12643\/page\/2\/\"><span class=\"elementor-screen-only\">Page<\/span>2<\/a>\n<a class=\"page-numbers\" href=\"https:\/\/www.parquenatural.com\/en\/wp-json\/wp\/v2\/pages\/12643\/page\/3\/\"><span class=\"elementor-screen-only\">Page<\/span>3<\/a>\n<a class=\"page-numbers\" href=\"https:\/\/www.parquenatural.com\/en\/wp-json\/wp\/v2\/pages\/12643\/page\/4\/\"><span class=\"elementor-screen-only\">Page<\/span>4<\/a>\n<a class=\"page-numbers\" href=\"https:\/\/www.parquenatural.com\/en\/wp-json\/wp\/v2\/pages\/12643\/page\/5\/\"><span class=\"elementor-screen-only\">Page<\/span>5<\/a>\n<a class=\"page-numbers next\" href=\"https:\/\/www.parquenatural.com\/en\/wp-json\/wp\/v2\/pages\/12643\/page\/2\/\">Siguiente &raquo;<\/a>\t\t<\/nav>\n\t\t\t\t\t\t<\/div>\n\t\t\t\t<\/div>\n\t\t\t\t\t<\/div>\n\t\t\t\t<\/div>\n\t\t\t\t<\/div>","protected":false},"excerpt":{"rendered":"","protected":false},"author":6,"featured_media":0,"parent":0,"menu_order":0,"comment_status":"closed","ping_status":"closed","template":"","meta":{"footnotes":""},"categories":[],"tags":[],"class_list":["post-12643","page","type-page","status-publish","hentry"],"_links":{"self":[{"href":"https:\/\/www.parquenatural.com\/en\/wp-json\/wp\/v2\/pages\/12643"}],"collection":[{"href":"https:\/\/www.parquenatural.com\/en\/wp-json\/wp\/v2\/pages"}],"about":[{"href":"https:\/\/www.parquenatural.com\/en\/wp-json\/wp\/v2\/types\/page"}],"author":[{"embeddable":true,"href":"https:\/\/www.parquenatural.com\/en\/wp-json\/wp\/v2\/users\/6"}],"replies":[{"embeddable":true,"href":"https:\/\/www.parquenatural.com\/en\/wp-json\/wp\/v2\/comments?post=12643"}],"version-history":[{"count":0,"href":"https:\/\/www.parquenatural.com\/en\/wp-json\/wp\/v2\/pages\/12643\/revisions"}],"wp:attachment":[{"href":"https:\/\/www.parquenatural.com\/en\/wp-json\/wp\/v2\/media?parent=12643"}],"wp:term":[{"taxonomy":"category","embeddable":true,"href":"https:\/\/www.parquenatural.com\/en\/wp-json\/wp\/v2\/categories?post=12643"},{"taxonomy":"post_tag","embeddable":true,"href":"https:\/\/www.parquenatural.com\/en\/wp-json\/wp\/v2\/tags?post=12643"}],"curies":[{"name":"wp","href":"https:\/\/api.w.org\/{rel}","templated":true}]}}